
{"id":3505,"date":"2014-12-12T16:36:25","date_gmt":"2014-12-12T16:36:25","guid":{"rendered":"https:\/\/negribossi.wpenginepowered.com\/es-gl\/contact-us\/"},"modified":"2026-02-04T13:33:08","modified_gmt":"2026-02-04T13:33:08","slug":"contactenos","status":"publish","type":"page","link":"https:\/\/www.negribossi.com\/es-gl\/contactenos\/","title":{"rendered":"CONT\u00c1CTENOS"},"content":{"rendered":"<h2><strong>CONTACTE NEGRI BOSSI<\/strong><\/h2>\n<p>Negri Bossi opera mediante filiales propias y trabaja con numerosos agentes y representantes en todo el mundo. Para asistencia t\u00e9cnica, por favor <a title=\"Technical Assistance\" href=\"https:\/\/www.negribossi.com\/es\/asistencia-tecnica\/\">clique aqu\u00ed<\/a>.<\/p>\n<table>\n<tbody>\n<tr>\n<td>\n<h4>SEDES GLOBALES<\/h4>\n<\/td>\n<td>&nbsp;<\/td>\n<\/tr>\n<tr>\n<td>\n<h3>IT &#8211; ITALIA<\/h3>\n<p><strong>NEGRI BOSSI S.P.A.<\/strong><br \/>\nViale Europa, 64<br \/>\n20093 Cologno Monzese (MI)<br \/>\nTel: +39 02-273481<br \/>\nFax: +39 02-2538264<br \/>\nE-mail: <a href=\"mailto:nbinfo@negribossi.it\">nbinfo@negribossi.it<br \/>\n<\/a><\/p>\n<\/td>\n<td>&nbsp;<\/td>\n<\/tr>\n<tr>\n<td colspan=\"2\">\u00a0<\/p>\n<hr \/>\n<\/td>\n<\/tr>\n<tr>\n<td>\n<h4>FILIALES EN EL MUNDO<\/h4>\n<\/td>\n<td>&nbsp;<\/td>\n<\/tr>\n<tr>\n<td>\n<h3>GB &amp; IE &#8211; REINO UNIDO &amp; IRLANDA<\/h3>\n<p><strong>NEGRI BOSSI LTD<\/strong><br \/>\nUnit 2, Europark<br \/>\nWatling Street<br \/>\nClifton upon Dunsmore<br \/>\nRugby<br \/>\nWarwickshire<br \/>\nCV23 0AL<br \/>\nTel: +44 (0) 1788-222550<br \/>\nE-Mail: <a href=\"mailto:sales@negribossi.co.uk\">sales@negribossi.co.uk<\/a><\/p>\n<\/td>\n<td>\n<h3><strong>FR &#8211; FRANCE<br \/>\n<\/strong><\/h3>\n<p><strong>NEGRI BOSSI FRANCE<br \/>\n<\/strong><span style=\"font-family: inherit; font-size: inherit;\">518 Chemin du Pognat<br \/>\n<\/span><span style=\"font-family: inherit; font-size: inherit;\">01460 Brion<br \/>\n<\/span><span style=\"font-family: inherit; font-size: inherit;\">Tel: +33 4 37 24 04 38<br \/>\n<\/span><span style=\"font-family: inherit; font-size: inherit;\">E-Mail: <\/span><a style=\"font-family: inherit; font-size: inherit;\" href=\"mailto:info_france@negribossi.com\">info_france@negribossi.com<\/a><\/p>\n<\/td>\n<\/tr>\n<tr>\n<td>\n<h3>ES &#8211; ESPA\u00d1A<\/h3>\n<p><strong>NEGRI BOSSI S.A.<br \/>\n<\/strong>C\/ C\u00e1diz, 32<br \/>\nPol. Ind. L&#8217;Alfa\u00e7 III<br \/>\n03440 Ibi (Alicante)<br \/>\nTel: +34 965 354 103<br \/>\nE-Mail: <a href=\"mailto:mtomas@negribossi.com\">mtomas@negribossi.com<\/a><\/p>\n<\/td>\n<td>\n<h3>IN &#8211; INDIA<\/h3>\n<p><span lang=\"EN-US\"><b>NEGRI BOSSI (India) PRIVATE LTD<\/b><\/span><br \/>\nPlot No. 34 Ashwamegh Industrial park,<br \/>\nVillage: Navsari lat, PO,<br \/>\nPirana, Kamod to Pirana Road,<br \/>\nDaskroi, AHMEDABAD<br \/>\n382425, Gujarat, INDIA<br \/>\nTel: +91-446-610-8030 IN<br \/>\nE-Mail: <a href=\"mailto:sales@negribossi.in\">sales@negribossi.in<\/a><\/p>\n<\/td>\n<\/tr>\n<\/tbody>\n<\/table>\n<hr \/>\n<h4><span id=\"result_box\" class=\"short_text\" lang=\"es\"><span class=\"hps\">CONTACTAR RED DE AGENTES NEGRI BOSSI<\/span><\/span><\/h4>\n<p><span id=\"result_box\" class=\"\" lang=\"es\"><span class=\"\">Negri Bossi ofrece una presencia global con una red de agentes que trabajan directamente con nuestra central en Italia, as\u00ed como sus filiales.<\/span><\/span><\/p>\n<table>\n<tbody>\n<tr>\n<td>\n<h3>US &amp; CA &#8211; UNITED STATES &amp; CANADA<\/h3>\n<p><strong>NEGRI BOSSI NORTH AMERICA<\/strong><br \/>\n617 West Center Street, Bldg. 63<br \/>\nMarion, Ohio 43302<br \/>\nTel: +1 833-767-6262<br \/>\nE-Mail: <a href=\"mailto:sales@negribossi.us\">sales@negribossi.us<\/a><\/p>\n<\/td>\n<td>\n<h3>MX \u2013 MEXICO<\/h3>\n<p><strong>NEGRI BOSSI de M\u00c9XICO<\/strong><br \/>\nCarlos Augusto Lindbergh No 83<br \/>\nCol. Aviaci\u00f3n Civil Del Venustiano Carranza<br \/>\nCP 15740. M\u00e9xico, DF \u2013 MEXICO<br \/>\nTel: +52 1-5551152719<br \/>\nFax: +52 1-5551153949<br \/>\nE-Mail: <a href=\"mailto:aurelia.lopez@negribossi.mx\">aurelia.lopez@negribossi.mx<\/a><\/p>\n<\/td>\n<\/tr>\n<\/tbody>\n<\/table>\n<p><span id=\"result_box\" class=\"\" lang=\"es\"><span class=\"hps\">Por favor, seleccione su Pa\u00eds m\u00e1s abajo, para encontrar el Agente o la filial de su \u00e1rea, quien le proporcionar\u00e1 toda la informaci\u00f3n que desee, ofertas u otra cosa que pueda precisar.<\/span><\/span><\/p>\n","protected":false},"excerpt":{"rendered":"<p>CONTACTE NEGRI BOSSI Negri Bossi opera mediante filiales propias y trabaja con numerosos agentes y representantes en todo el mundo. &hellip; <a href=\"https:\/\/www.negribossi.com\/es-gl\/contactenos\/\" class=\"more-link\">Sigue leyendo <span class=\"screen-reader-text\">CONT\u00c1CTENOS<\/span> <span class=\"meta-nav\">\u2192<\/span><\/a><\/p>\n","protected":false},"author":2,"featured_media":11041,"parent":0,"menu_order":0,"comment_status":"closed","ping_status":"open","template":"page-contact.php","meta":{"footnotes":""},"class_list":["post-3505","page","type-page","status-publish","has-post-thumbnail","hentry"],"yoast_head":"<!-- This site is optimized with the Yoast SEO plugin v20.1 - https:\/\/yoast.com\/wordpress\/plugins\/seo\/ -->\n<title>Tel\u00e9fonos Negri Bossi<\/title>\n<meta name=\"description\" content=\"Encuentra los n\u00fameros de tel\u00e9fonos de las oficinas Negri Bossi en todo el mundo.\" \/>\n<meta name=\"robots\" content=\"index, follow, max-snippet:-1, max-image-preview:large, max-video-preview:-1\" \/>\n<link rel=\"canonical\" href=\"https:\/\/www.negribossi.com\/es-gl\/contactenos\/\" \/>\n<meta property=\"og:locale\" content=\"es_ES\" \/>\n<meta property=\"og:type\" content=\"article\" \/>\n<meta property=\"og:title\" content=\"Tel\u00e9fonos Negri Bossi\" \/>\n<meta property=\"og:description\" content=\"Encuentra los n\u00fameros de tel\u00e9fonos de las oficinas Negri Bossi en todo el mundo.\" \/>\n<meta property=\"og:url\" content=\"https:\/\/www.negribossi.com\/es-gl\/contactenos\/\" \/>\n<meta property=\"og:site_name\" content=\"Negri Bossi\" \/>\n<meta property=\"article:publisher\" content=\"https:\/\/www.facebook.com\/NegriBossiGroup\/\" \/>\n<meta property=\"article:modified_time\" content=\"2026-02-04T13:33:08+00:00\" \/>\n<meta property=\"og:image\" content=\"https:\/\/www.negribossi.com\/wp-content\/uploads\/contact-us-header-compressor.jpg\" \/>\n\t<meta property=\"og:image:width\" content=\"1136\" \/>\n\t<meta property=\"og:image:height\" content=\"325\" \/>\n\t<meta property=\"og:image:type\" content=\"image\/jpeg\" \/>\n<meta name=\"twitter:card\" content=\"summary_large_image\" \/>\n<meta name=\"twitter:site\" content=\"@negribossigroup\" \/>\n<meta name=\"twitter:label1\" content=\"Est. reading time\" \/>\n\t<meta name=\"twitter:data1\" content=\"2 minutes\" \/>\n<!-- \/ Yoast SEO plugin. -->","yoast_head_json":{"title":"Tel\u00e9fonos Negri Bossi","description":"Encuentra los n\u00fameros de tel\u00e9fonos de las oficinas Negri Bossi en todo el mundo.","robots":{"index":"index","follow":"follow","max-snippet":"max-snippet:-1","max-image-preview":"max-image-preview:large","max-video-preview":"max-video-preview:-1"},"canonical":"https:\/\/www.negribossi.com\/es-gl\/contactenos\/","og_locale":"es_ES","og_type":"article","og_title":"Tel\u00e9fonos Negri Bossi","og_description":"Encuentra los n\u00fameros de tel\u00e9fonos de las oficinas Negri Bossi en todo el mundo.","og_url":"https:\/\/www.negribossi.com\/es-gl\/contactenos\/","og_site_name":"Negri Bossi","article_publisher":"https:\/\/www.facebook.com\/NegriBossiGroup\/","article_modified_time":"2026-02-04T13:33:08+00:00","og_image":[{"width":1136,"height":325,"url":"https:\/\/www.negribossi.com\/wp-content\/uploads\/contact-us-header-compressor.jpg","type":"image\/jpeg"}],"twitter_card":"summary_large_image","twitter_site":"@negribossigroup","twitter_misc":{"Est. reading time":"2 minutes"},"schema":{"@context":"https:\/\/schema.org","@graph":[{"@type":"WebPage","@id":"https:\/\/www.negribossi.com\/es-gl\/contactenos\/","url":"https:\/\/www.negribossi.com\/es-gl\/contactenos\/","name":"Tel\u00e9fonos Negri Bossi","isPartOf":{"@id":"https:\/\/www.negribossi.com\/#website"},"datePublished":"2014-12-12T16:36:25+00:00","dateModified":"2026-02-04T13:33:08+00:00","description":"Encuentra los n\u00fameros de tel\u00e9fonos de las oficinas Negri Bossi en todo el mundo.","breadcrumb":{"@id":"https:\/\/www.negribossi.com\/es-gl\/contactenos\/#breadcrumb"},"inLanguage":"es-GL","potentialAction":[{"@type":"ReadAction","target":["https:\/\/www.negribossi.com\/es-gl\/contactenos\/"]}]},{"@type":"BreadcrumbList","@id":"https:\/\/www.negribossi.com\/es-gl\/contactenos\/#breadcrumb","itemListElement":[{"@type":"ListItem","position":1,"name":"Home","item":"https:\/\/www.negribossi.com\/es-gl\/"},{"@type":"ListItem","position":2,"name":"CONT\u00c1CTENOS"}]},{"@type":"WebSite","@id":"https:\/\/www.negribossi.com\/#website","url":"https:\/\/www.negribossi.com\/","name":"Negri Bossi","description":"","publisher":{"@id":"https:\/\/www.negribossi.com\/#organization"},"potentialAction":[{"@type":"SearchAction","target":{"@type":"EntryPoint","urlTemplate":"https:\/\/www.negribossi.com\/?s={search_term_string}"},"query-input":"required name=search_term_string"}],"inLanguage":"es-GL"},{"@type":"Organization","@id":"https:\/\/www.negribossi.com\/#organization","name":"Negri Bossi","url":"https:\/\/www.negribossi.com\/","logo":{"@type":"ImageObject","inLanguage":"es-GL","@id":"https:\/\/www.negribossi.com\/#\/schema\/logo\/image\/","url":"https:\/\/www.negribossi.com\/wp-content\/uploads\/logo-negribossi-new.jpg","contentUrl":"https:\/\/www.negribossi.com\/wp-content\/uploads\/logo-negribossi-new.jpg","width":502,"height":96,"caption":"Negri Bossi"},"image":{"@id":"https:\/\/www.negribossi.com\/#\/schema\/logo\/image\/"},"sameAs":["https:\/\/www.facebook.com\/NegriBossiGroup\/","https:\/\/twitter.com\/negribossigroup","https:\/\/www.linkedin.com\/company\/negri-bossi-s.p.a.","https:\/\/www.youtube.com\/c\/NegriBossiGroup"]}]}},"_links":{"self":[{"href":"https:\/\/www.negribossi.com\/es-gl\/wp-json\/wp\/v2\/pages\/3505\/"}],"collection":[{"href":"https:\/\/www.negribossi.com\/es-gl\/wp-json\/wp\/v2\/pages\/"}],"about":[{"href":"https:\/\/www.negribossi.com\/es-gl\/wp-json\/wp\/v2\/types\/page\/"}],"author":[{"embeddable":true,"href":"https:\/\/www.negribossi.com\/es-gl\/wp-json\/wp\/v2\/users\/2\/"}],"replies":[{"embeddable":true,"href":"https:\/\/www.negribossi.com\/es-gl\/wp-json\/wp\/v2\/comments\/?post=3505"}],"version-history":[{"count":0,"href":"https:\/\/www.negribossi.com\/es-gl\/wp-json\/wp\/v2\/pages\/3505\/revisions\/"}],"wp:featuredmedia":[{"embeddable":true,"href":"https:\/\/www.negribossi.com\/es-gl\/wp-json\/wp\/v2\/media\/11041\/"}],"wp:attachment":[{"href":"https:\/\/www.negribossi.com\/es-gl\/wp-json\/wp\/v2\/media\/?parent=3505"}],"curies":[{"name":"wp","href":"https:\/\/api.w.org\/{rel}","templated":true}]}}