
{"id":15241,"date":"2025-09-10T08:03:07","date_gmt":"2025-09-10T08:03:07","guid":{"rendered":"https:\/\/www.negribossi.com\/?page_id=15241"},"modified":"2025-09-10T08:11:05","modified_gmt":"2025-09-10T08:11:05","slug":"nova-p-1000-1300-toneladas","status":"publish","type":"page","link":"https:\/\/www.negribossi.com\/es-gl\/productos\/nova-p-1000-1300-toneladas\/","title":{"rendered":"NOVA p (1000-1300 toneladas)"},"content":{"rendered":"<p>&nbsp;<\/p>\n<p><img decoding=\"async\" class=\"alignnone wp-image-12492 size-full\" style=\"width: 70%; max-width: 600px;\" src=\"https:\/\/www.negribossi.com\/wp-content\/uploads\/NOVA-sT-servo-hydraulic-injection-moulding-machine-resized.jpg\" alt=\"NOVA sT M\u00e1quina de inyecci\u00f3n con servo hidr\u00e1ulica\" width=\"1000\" height=\"463\" srcset=\"https:\/\/www.negribossi.com\/wp-content\/uploads\/NOVA-sT-servo-hydraulic-injection-moulding-machine-resized.jpg 1000w, https:\/\/www.negribossi.com\/wp-content\/uploads\/NOVA-sT-servo-hydraulic-injection-moulding-machine-resized-300x139.jpg 300w, https:\/\/www.negribossi.com\/wp-content\/uploads\/NOVA-sT-servo-hydraulic-injection-moulding-machine-resized-533x247.jpg 533w, https:\/\/www.negribossi.com\/wp-content\/uploads\/NOVA-sT-servo-hydraulic-injection-moulding-machine-resized-150x69.jpg 150w, https:\/\/www.negribossi.com\/wp-content\/uploads\/NOVA-sT-servo-hydraulic-injection-moulding-machine-resized-768x356.jpg 768w\" sizes=\"(max-width: 1000px) 100vw, 1000px\" \/><\/p>\n<p>&nbsp;<\/p>\n<h2 style=\"clear: none;\"><strong>TECNOLOG\u00cdA CON SERVO MOTORES Y RODILLERA<\/strong><\/h2>\n<h2 style=\"clear: none;\"><strong>Vers\u00e1til \u2022 Productiva \u2022 Eficiente<\/strong><\/h2>\n<p>El Nuevo dise\u00f1o y notablemente mejorado del cierre y el grupo de inyecci\u00f3n de la NOVA sT de NEGRI BOSSI, combina versatilidad, espacio reducido y control<\/p>\n<p>La eficiencia energ\u00e9tica ha sido una prioridad en el dise\u00f1o, incorporando la \u00faltima tecnolog\u00eda de servo bombas para las aplicaciones en inyecci\u00f3n.<\/p>\n<p>La serie NOVA est\u00e1 equipada con el control MOTUS, el primer control verdaderamente \u201cMulti Touch\u201d:<\/p>\n<ul>\n<li style=\"list-style-type: none;\">\n<ul>\n<li>Innovador sistema de navegaci\u00f3n \u201cgesture\u201d, ejes movidos mediante el sistema \u201cswipe, scroll &amp; zoom\u201d<\/li>\n<li>Movimiento virtual de los ejes basado en la orientaci\u00f3n \u201cgesture\u201d (Pendiente de Patente)<\/li>\n<li>Moderno dise\u00f1o muy delgado, similar al de los \u201cSmart phones\u201d<\/li>\n<li>Interface configurable que permite personalizar la pantalla y sus funciones.<\/li>\n<li>Secuenciador para crear ciclos especiales.<\/li>\n<li>Funci\u00f3n de b\u00fasqueda r\u00e1pida para la edici\u00f3n de par\u00e1metros, gr\u00e1ficos y an\u00e1lisis.<\/li>\n<\/ul>\n<\/li>\n<\/ul>\n<p>Las caracter\u00edsticas clave de la NOVAsT, incluye:<\/p>\n<ul>\n<li>Dise\u00f1o en \u201cX\u201d de la rodillera, dise\u00f1o compacto y revolucionario.<\/li>\n<li>Espacios entre columnas l\u00edderes en su clase<\/li>\n<li>Incremento de la apertura en un 16% respecto a modelos previos.<\/li>\n<li>Presi\u00f3n sobre el material aumentada en m\u00e1s de un 15%<\/li>\n<li>Velocidad de inyecci\u00f3n aumentada en un 35 % con la funci\u00f3n de regeneraci\u00f3n.<\/li>\n<li>Predisposici\u00f3n para AMICO 4.0<\/li>\n<\/ul>\n<div id=\"redbutton\"><a href=\"https:\/\/www.negribossi.com\/es-gl\/nova-st-solicitud-de-informacion\/\">ENV\u00cdAME INFORMACI\u00d3N<\/a><\/div>\n<p>&nbsp;<\/p>\n<div class=\"responsive-tabs\">\n<h2 class=\"tabtitle\">Especificaciones<\/h2>\n<div class=\"tabcontent\">\n\n<p><strong>SUMARIO DE ESPECIFICACIONES M\u00c1QUINAS NOVA sT<\/strong><\/p>\n<p><a href=\"https:\/\/www.negribossi.com\/wp-content\/uploads\/NOVA-sT-1300-sep-2022-ES.png\" target=\"_blank\" rel=\"noopener\"><img decoding=\"async\" class=\"aligncenter wp-image-14053 \" src=\"https:\/\/www.negribossi.com\/wp-content\/uploads\/NOVA-sT-1300-sep-2022-ES.png\" alt=\"SUMARIO DE ESPECIFICACIONES M\u00c1QUINAS NOVA sT\" width=\"639\" height=\"386\" srcset=\"https:\/\/www.negribossi.com\/wp-content\/uploads\/NOVA-sT-1300-sep-2022-ES.png 1500w, https:\/\/www.negribossi.com\/wp-content\/uploads\/NOVA-sT-1300-sep-2022-ES-300x181.png 300w, https:\/\/www.negribossi.com\/wp-content\/uploads\/NOVA-sT-1300-sep-2022-ES-409x247.png 409w, https:\/\/www.negribossi.com\/wp-content\/uploads\/NOVA-sT-1300-sep-2022-ES-150x91.png 150w, https:\/\/www.negribossi.com\/wp-content\/uploads\/NOVA-sT-1300-sep-2022-ES-768x464.png 768w\" sizes=\"(max-width: 639px) 100vw, 639px\" \/><\/a><\/p>\n<\/div><\/div>\n","protected":false},"excerpt":{"rendered":"<p>&nbsp; &nbsp; TECNOLOG\u00cdA CON SERVO MOTORES Y RODILLERA Vers\u00e1til \u2022 Productiva \u2022 Eficiente El Nuevo dise\u00f1o y notablemente mejorado del &hellip; <a href=\"https:\/\/www.negribossi.com\/es-gl\/productos\/nova-p-1000-1300-toneladas\/\" class=\"more-link\">Sigue leyendo <span class=\"screen-reader-text\">NOVA p (1000-1300 toneladas)<\/span> <span class=\"meta-nav\">\u2192<\/span><\/a><\/p>\n","protected":false},"author":502,"featured_media":0,"parent":3515,"menu_order":0,"comment_status":"closed","ping_status":"closed","template":"","meta":{"footnotes":""},"class_list":["post-15241","page","type-page","status-publish","hentry"],"yoast_head":"<!-- This site is optimized with the Yoast SEO plugin v20.1 - https:\/\/yoast.com\/wordpress\/plugins\/seo\/ -->\n<title>NOVA p (1000-1300 toneladas) - Negri Bossi<\/title>\n<meta name=\"robots\" content=\"index, follow, max-snippet:-1, max-image-preview:large, max-video-preview:-1\" \/>\n<link rel=\"canonical\" href=\"https:\/\/www.negribossi.com\/es-gl\/productos\/nova-p-1000-1300-toneladas\/\" \/>\n<meta property=\"og:locale\" content=\"es_ES\" \/>\n<meta property=\"og:type\" content=\"article\" \/>\n<meta property=\"og:title\" content=\"NOVA p (1000-1300 toneladas) - Negri Bossi\" \/>\n<meta property=\"og:description\" content=\"&nbsp; &nbsp; TECNOLOG\u00cdA CON SERVO MOTORES Y RODILLERA Vers\u00e1til \u2022 Productiva \u2022 Eficiente El Nuevo dise\u00f1o y notablemente mejorado del &hellip; Sigue leyendo NOVA p (1000-1300 toneladas) \u2192\" \/>\n<meta property=\"og:url\" content=\"https:\/\/www.negribossi.com\/es-gl\/productos\/nova-p-1000-1300-toneladas\/\" \/>\n<meta property=\"og:site_name\" content=\"Negri Bossi\" \/>\n<meta property=\"article:publisher\" content=\"https:\/\/www.facebook.com\/NegriBossiGroup\/\" \/>\n<meta property=\"article:modified_time\" content=\"2025-09-10T08:11:05+00:00\" \/>\n<meta property=\"og:image\" content=\"https:\/\/www.negribossi.com\/wp-content\/uploads\/NOVA-sT-servo-hydraulic-injection-moulding-machine-resized.jpg\" \/>\n<meta name=\"twitter:card\" content=\"summary_large_image\" \/>\n<meta name=\"twitter:site\" content=\"@negribossigroup\" \/>\n<meta name=\"twitter:label1\" content=\"Est. reading time\" \/>\n\t<meta name=\"twitter:data1\" content=\"2 minutes\" \/>\n<!-- \/ Yoast SEO plugin. -->","yoast_head_json":{"title":"NOVA p (1000-1300 toneladas) - Negri Bossi","robots":{"index":"index","follow":"follow","max-snippet":"max-snippet:-1","max-image-preview":"max-image-preview:large","max-video-preview":"max-video-preview:-1"},"canonical":"https:\/\/www.negribossi.com\/es-gl\/productos\/nova-p-1000-1300-toneladas\/","og_locale":"es_ES","og_type":"article","og_title":"NOVA p (1000-1300 toneladas) - Negri Bossi","og_description":"&nbsp; &nbsp; TECNOLOG\u00cdA CON SERVO MOTORES Y RODILLERA Vers\u00e1til \u2022 Productiva \u2022 Eficiente El Nuevo dise\u00f1o y notablemente mejorado del &hellip; Sigue leyendo NOVA p (1000-1300 toneladas) \u2192","og_url":"https:\/\/www.negribossi.com\/es-gl\/productos\/nova-p-1000-1300-toneladas\/","og_site_name":"Negri Bossi","article_publisher":"https:\/\/www.facebook.com\/NegriBossiGroup\/","article_modified_time":"2025-09-10T08:11:05+00:00","og_image":[{"url":"https:\/\/www.negribossi.com\/wp-content\/uploads\/NOVA-sT-servo-hydraulic-injection-moulding-machine-resized.jpg"}],"twitter_card":"summary_large_image","twitter_site":"@negribossigroup","twitter_misc":{"Est. reading time":"2 minutes"},"schema":{"@context":"https:\/\/schema.org","@graph":[{"@type":"WebPage","@id":"https:\/\/www.negribossi.com\/es-gl\/productos\/nova-p-1000-1300-toneladas\/","url":"https:\/\/www.negribossi.com\/es-gl\/productos\/nova-p-1000-1300-toneladas\/","name":"NOVA p (1000-1300 toneladas) - Negri Bossi","isPartOf":{"@id":"https:\/\/www.negribossi.com\/#website"},"datePublished":"2025-09-10T08:03:07+00:00","dateModified":"2025-09-10T08:11:05+00:00","breadcrumb":{"@id":"https:\/\/www.negribossi.com\/es-gl\/productos\/nova-p-1000-1300-toneladas\/#breadcrumb"},"inLanguage":"es-GL","potentialAction":[{"@type":"ReadAction","target":["https:\/\/www.negribossi.com\/es-gl\/productos\/nova-p-1000-1300-toneladas\/"]}]},{"@type":"BreadcrumbList","@id":"https:\/\/www.negribossi.com\/es-gl\/productos\/nova-p-1000-1300-toneladas\/#breadcrumb","itemListElement":[{"@type":"ListItem","position":1,"name":"Home","item":"https:\/\/www.negribossi.com\/es-gl\/"},{"@type":"ListItem","position":2,"name":"PRODUCTOS","item":"https:\/\/www.negribossi.com\/es-gl\/productos\/"},{"@type":"ListItem","position":3,"name":"NOVA p (1000-1300 toneladas)"}]},{"@type":"WebSite","@id":"https:\/\/www.negribossi.com\/#website","url":"https:\/\/www.negribossi.com\/","name":"Negri Bossi","description":"","publisher":{"@id":"https:\/\/www.negribossi.com\/#organization"},"potentialAction":[{"@type":"SearchAction","target":{"@type":"EntryPoint","urlTemplate":"https:\/\/www.negribossi.com\/?s={search_term_string}"},"query-input":"required name=search_term_string"}],"inLanguage":"es-GL"},{"@type":"Organization","@id":"https:\/\/www.negribossi.com\/#organization","name":"Negri Bossi","url":"https:\/\/www.negribossi.com\/","logo":{"@type":"ImageObject","inLanguage":"es-GL","@id":"https:\/\/www.negribossi.com\/#\/schema\/logo\/image\/","url":"https:\/\/www.negribossi.com\/wp-content\/uploads\/logo-negribossi-new.jpg","contentUrl":"https:\/\/www.negribossi.com\/wp-content\/uploads\/logo-negribossi-new.jpg","width":502,"height":96,"caption":"Negri Bossi"},"image":{"@id":"https:\/\/www.negribossi.com\/#\/schema\/logo\/image\/"},"sameAs":["https:\/\/www.facebook.com\/NegriBossiGroup\/","https:\/\/twitter.com\/negribossigroup","https:\/\/www.linkedin.com\/company\/negri-bossi-s.p.a.","https:\/\/www.youtube.com\/c\/NegriBossiGroup"]}]}},"_links":{"self":[{"href":"https:\/\/www.negribossi.com\/es-gl\/wp-json\/wp\/v2\/pages\/15241\/"}],"collection":[{"href":"https:\/\/www.negribossi.com\/es-gl\/wp-json\/wp\/v2\/pages\/"}],"about":[{"href":"https:\/\/www.negribossi.com\/es-gl\/wp-json\/wp\/v2\/types\/page\/"}],"author":[{"embeddable":true,"href":"https:\/\/www.negribossi.com\/es-gl\/wp-json\/wp\/v2\/users\/502\/"}],"replies":[{"embeddable":true,"href":"https:\/\/www.negribossi.com\/es-gl\/wp-json\/wp\/v2\/comments\/?post=15241"}],"version-history":[{"count":0,"href":"https:\/\/www.negribossi.com\/es-gl\/wp-json\/wp\/v2\/pages\/15241\/revisions\/"}],"up":[{"embeddable":true,"href":"https:\/\/www.negribossi.com\/es-gl\/wp-json\/wp\/v2\/pages\/3515\/"}],"wp:attachment":[{"href":"https:\/\/www.negribossi.com\/es-gl\/wp-json\/wp\/v2\/media\/?parent=15241"}],"curies":[{"name":"wp","href":"https:\/\/api.w.org\/{rel}","templated":true}]}}