
{"id":11434,"date":"2019-06-19T13:56:49","date_gmt":"2019-06-19T13:56:49","guid":{"rendered":"https:\/\/www.negribossi.com\/?page_id=11434"},"modified":"2023-08-01T14:29:17","modified_gmt":"2023-08-01T14:29:17","slug":"vector-650-1300-maquinas-de-inyeccion","status":"publish","type":"page","link":"https:\/\/www.negribossi.com\/es-gl\/productos\/vector-650-1300-maquinas-de-inyeccion\/","title":{"rendered":"VECTOR sT (650-1300 toneladas)"},"content":{"rendered":"<p>&nbsp;<\/p>\n<p><img decoding=\"async\" class=\"wp-image-10665  alignnone\" style=\"width: 70%; max-width: 600px;\" src=\"https:\/\/www.negribossi.com\/wp-content\/uploads\/VECTOR-s650T.jpg\" alt=\"Vector Injection Moulding Machine\" \/><\/p>\n<p>&nbsp;<\/p>\n<h2 style=\"clear: none;\"><strong>CIERRE A RODILLERA CON CONTROL MOTUS<\/strong><\/h2>\n<h2 style=\"clear: none;\"><strong>Vers\u00e1til \u2022 Productiva<\/strong><\/h2>\n<p>La serie VECTOR sT es una m\u00e1quina de inyecci\u00f3n h\u00edbrida que monta un cierre a rodillera de 5 puntos, disponible en 650, 800, 1100 y 1300 Toneladas de fuerza de cierre. La unidad de inyecci\u00f3n monta un motor de carga el\u00e9ctrico, con capacidades en inyecci\u00f3n (g PS) desde 4960 hasta 17000 gramos.<\/p>\n<p>La eficiencia energ\u00e9tica ha sido una prioridad en el dise\u00f1o, incorporando la \u00faltima tecnolog\u00eda de servo bombas para las aplicaciones en inyecci\u00f3n.<\/p>\n<p>La serie VECTOR sT est\u00e1 equipada con el control MOTUS, el primer control verdaderamente \u201cMulti Touch\u201d:<\/p>\n<ul>\n<li>Innovador sistema de navegaci\u00f3n \u201cgesture\u201d, ejes movidos mediante el sistema \u201cswipe, scroll &amp; zoom\u201d<\/li>\n<li>Movimiento virtual de los ejes basado en la orientaci\u00f3n \u201cgesture\u201d (Pendiente de Patente)<\/li>\n<li>Moderno dise\u00f1o muy delgado, similar al de los \u201cSmart phones\u201d<\/li>\n<li>Interface configurable que permite personalizar la pantalla y sus funciones.<\/li>\n<li>Secuenciador para crear ciclos especiales.<\/li>\n<li>Funci\u00f3n de b\u00fasqueda r\u00e1pida para la edici\u00f3n de par\u00e1metros, gr\u00e1ficos y an\u00e1lisis.<\/li>\n<\/ul>\n<p>Las caracter\u00edsticas clave de la VECTOR sT, incluye:<\/p>\n<ul>\n<li>Control POWERLINK completamente digital<\/li>\n<li>Unidad de sujeci\u00f3n flexible inteligente con amplio espacio entre barras de uni\u00f3n para acomodar moldes m\u00e1s grandes<\/li>\n<li>Carreras largas del eyector<\/li>\n<li>Robusta unidad de inyecci\u00f3n en l\u00ednea<\/li>\n<li>Presi\u00f3n sobre el material aumentada en m\u00e1s de un 15%<\/li>\n<li>Velocidad de inyecci\u00f3n aumentada en un 25 % con la funci\u00f3n de regeneraci\u00f3n.<\/li>\n<li>Predisposici\u00f3n para AMICO 4.0<\/li>\n<\/ul>\n<div id=\"redbutton\"><a href=\"https:\/\/www.negribossi.com\/es-gl\/vector-650-1300-solicitud-de-informacion\/\" target=\"_blank\" rel=\"noopener noreferrer\">ENV\u00cdAME INFORMACI\u00d3N<\/a><\/div>\n<p>&nbsp;<\/p>\n<div class=\"responsive-tabs\">\n<h2 class=\"tabtitle\">Especificaciones<\/h2>\n<div class=\"tabcontent\">\n\n<p><strong>RESUMEN CARACTER\u00cdSTICAS M\u00c1QUINA VECTOR sT<\/strong><\/p>\n<p><a href=\"https:\/\/www.negribossi.com\/wp-content\/uploads\/Vector-updated-ES-1-1.png\" target=\"_blank\" rel=\"noopener noreferrer\"><img decoding=\"async\" class=\"aligncenter  wp-image-11428\" src=\"https:\/\/www.negribossi.com\/wp-content\/uploads\/Vector-updated-ES-1-1.png\" alt=\"Vector Machine Specification sheet\" width=\"701\" height=\"333\" \/><\/a><\/p>\n\n<\/div><h2 class=\"tabtitle\">Caracter\u00edsticas<\/h2>\n<div class=\"tabcontent\">\n\n<p>UNIDAD DE CIERRE<\/p>\n<ul>\n<li>Doble rodillera de 5 puntos<\/li>\n<li>Configuraci\u00f3n de platos Euromap o SPI<\/li>\n<li>Columnas reforzadas<\/li>\n<li>Movimiento de los paltos mediante casquillos auto lubricados<\/li>\n<li>Control de espesor de molde<\/li>\n<li>Lubrificaci\u00f3n centralizada autom\u00e1tica mediante bomba el\u00e9ctrica<\/li>\n<li>Tres perfiles de velocidad de cierre de molde<\/li>\n<li>Tres perfiles de velocidad apertura molde<\/li>\n<li>Cierre y apertura de moldes controlados en anillo cerrado mediante una v\u00e1lvula proporcional<\/li>\n<li>Lectura digital de la posici\u00f3n de los platos, con lectura en la pantalla del control<\/li>\n<li>Espesor de molde y fuerza de cierre auto-ajustable<\/li>\n<li>Control digital y lectura de la posici\u00f3n en la pantalla de control<\/li>\n<li>Dos fases de perfiles de velocidad extractor, velocidad, presi\u00f3n y posici\u00f3n ajustables<\/li>\n<li>Control de fuerza de extracci\u00f3n<\/li>\n<li>Lectura digital de la posici\u00f3n del extractor, lectura en pantalla<\/li>\n<li>Se\u00f1al retorno extractor<\/li>\n<li>Completa sobre posici\u00f3n de 3 movimientos: apertura molde, extracci\u00f3n y carga<\/li>\n<li>Programaci\u00f3n de f\u00e1cil manejo de noyos<\/li>\n<li>Puerta delantera neum\u00e1tica<\/li>\n<\/ul>\n<p>\nUNIDAD DE INYECCI\u00d3N<\/p>\n<ul>\n<li>Unidad de inyecci\u00f3n con cilindro hidr\u00e1ulico en l\u00ednea<\/li>\n<li>Motor el\u00e9ctrico de carga controlado por inverter vectorial<\/li>\n<li>Control de la velocidad del motor en anillo cerrado<\/li>\n<li>Desplazamiento del grupo para facilitar el cambio y limpieza de husillo<\/li>\n<li>Sistema de cambio r\u00e1pido de c\u00e1mara<\/li>\n<li>C\u00e1mara bimet\u00e1lica<\/li>\n<li>Perfil est\u00e1ndar de husillo, con opci\u00f3n de otros tipos para materiales espec\u00edficos<\/li>\n<li>Unidad de inyecci\u00f3n movida por dos cilindros para asegurar el centrado de la boquilla<\/li>\n<li>Resistencias cer\u00e1micas<\/li>\n<li>Alarma de rango de temperaturas<\/li>\n<li>Perfiles de velocidad y presi\u00f3n<\/li>\n<li>Cambio a segunda presi\u00f3n por posici\u00f3n de husillo, presi\u00f3n hidr\u00e1ulica o tiempo<\/li>\n<li>Lectura digital posici\u00f3n del husillo visible en pantalla<\/li>\n<li>Retardo rotaci\u00f3n del husillo<\/li>\n<li>Contra presi\u00f3n ajustable<\/li>\n<li>Lectura digital de contra presi\u00f3n visible en pantalla<\/li>\n<li>Descompresi\u00f3n antes y despu\u00e9s de la inyecci\u00f3n<\/li>\n<li>Programa de intrusi\u00f3n<\/li>\n<li>Programa de auto purgado<\/li>\n<li>Tolva en acero inoxidable<\/li>\n<\/ul>\n<p>SISTEMA HIDR\u00c1ULICO<\/p>\n<ul>\n<li>Bomba de caudal variable, con anillo cerrado, caudal proporcional y control de presi\u00f3n<\/li>\n<li>Lectura digital de la presi\u00f3n del circuito visible en la pantalla<\/li>\n<li>V\u00e1lvula proporcional para movimiento del plato<\/li>\n<li>Monitorizaci\u00f3n del nivel de aceite, temperatura y bloqueo filtros<\/li>\n<li>Control de la temperatura del aceite<\/li>\n<li>Electrov\u00e1lvula control agua refrigeraci\u00f3n<\/li>\n<li>Programa de pre calentamiento aceite<\/li>\n<li>Filtros de aceite en salida y entrada del circuito<\/li>\n<li>Intercambiador calor para aceite<\/li>\n<li>Tanque con ventana para f\u00e1cil limpieza<\/li>\n<li>Man\u00f3metro aceite\n<\/li>\n<\/ul>\n<p>INSTALACI\u00d3N EL\u00c9CTRICA<\/p>\n<ul>\n<li>Componentes el\u00e9ctricos recubiertos con protecci\u00f3n IP55<\/li>\n<li>Arrancador directo para motores el\u00e9ctricos<\/li>\n<li>Interruptor para prevenir que el armario el\u00e9ctrico sea abierto en funcionamiento<\/li>\n<li>Paro emergencia exterior para motores de las bombas, lubrificaci\u00f3n y circuitos auxiliares<\/li>\n<li>Fusibles y rel\u00e9s t\u00e9rmicos para controlar la calefacci\u00f3n de la c\u00e1mara<\/li>\n<li>Inverter vectorial para giro del husillo<\/li>\n<li>Ventilador en armario el\u00e9ctrico<\/li>\n<li>Indicadores LED en v\u00e1lvulas solenoides<\/li>\n<li>Circuitos el\u00e9ctricos totalmente etiquetados<\/li>\n<li>Conforme a normativas Euromap y UL<\/li>\n<\/ul>\n<p>CIRCUITO DE REFRIGERACI\u00d3N<\/p>\n<ul>\n<li>Caudal\u00edmetros regulables independientemente, circuitos con indicaci\u00f3n de temperatura y caudal (uno de los circuitos se utiliza para refrigerar la base de la tolva)<\/li>\n<\/ul>\n<p>BANCADA<\/p>\n<ul>\n<li>Bancada baja \u00f3ptima para uso de robot<\/li>\n<li>Opci\u00f3n de elevar la bancada, para descarga inferior<\/li>\n<li>Insonorizaci\u00f3n del habit\u00e1culo bombas<\/li>\n<li>Pies anti vibratorios<\/li>\n<li>Bandeja recogida aceite lubrificaci\u00f3n<\/li>\n<\/ul>\n<p>SEGURIDAD<\/p>\n<ul>\n<li>Construidas bajo los requerimientos de la directiva de maquinaria 98\/37\/CE y sucesivas modificaciones<\/li>\n<li>Todos los modelos CE est\u00e1n certificados por una organizaci\u00f3n europea certificadora<\/li>\n<li>Cumplimiento del est\u00e1ndar europeo EN 201 y ANSI\/SPI B151.1-2007<\/li>\n<li>Protecci\u00f3n de doble seguro de cierre de molde y para de bomba<\/li>\n<li>Protecci\u00f3n de doble seguro de apertura de molde y para de bomba<\/li>\n<li>Monitorizaci\u00f3n de la correcta operaci\u00f3n de las seguridades el\u00e9ctricas e hidr\u00e1ulicas<\/li>\n<li>Tapa boquilla con seguridad el\u00e9ctrica<\/li>\n<\/ul>\n\n<\/div><h2 class=\"tabtitle\">Mando de control<\/h2>\n<div class=\"tabcontent\">\n\n<p><strong>MOTUS MULTI-TOUCH CONTROLLER<br \/>\n<img decoding=\"async\" class=\"wp-image-14497  alignright\" src=\"https:\/\/www.negribossi.com\/wp-content\/uploads\/motus-multi-touch-controller.jpg\" alt=\"MOTUS Multi-Touch Controller\" width=\"321\" height=\"552\" srcset=\"https:\/\/www.negribossi.com\/wp-content\/uploads\/motus-multi-touch-controller.jpg 473w, https:\/\/www.negribossi.com\/wp-content\/uploads\/motus-multi-touch-controller-175x300.jpg 175w, https:\/\/www.negribossi.com\/wp-content\/uploads\/motus-multi-touch-controller-144x247.jpg 144w, https:\/\/www.negribossi.com\/wp-content\/uploads\/motus-multi-touch-controller-87x150.jpg 87w\" sizes=\"(max-width: 321px) 100vw, 321px\" \/><\/strong><\/p>\n<p>La serie de m\u00e1quinas VECTOR sT est\u00e1 equipada<br \/>\ncon el Motus, el primer \u201cverdadero\u201d control<br \/>\nMulti touch. Sus caracter\u00edsticas son:<\/p>\n<ul>\n<li>Navegaci\u00f3n Gesture innovadora con<br \/>\nfunciones \u201cswipe, scroll y zoom\u201d<\/li>\n<li>Joystick virtual para movimientos de los<br \/>\nejes basado en la navegaci\u00f3n gesture<br \/>\n(pendiente de patente)<\/li>\n<li>Moderno dise\u00f1o, ligero, al estilo<br \/>\n\u201cSmartphone\u201d<\/li>\n<li>Interface personalizable<\/li>\n<li>Secuenciador para crear ciclos especiales<\/li>\n<li>Funciones de b\u00fasqueda veloces para<br \/>\nmodificaci\u00f3n y an\u00e1lisis de los par\u00e1metros,<br \/>\ntambi\u00e9n en forma gr\u00e1fica<\/li>\n<li>Nueva modalidad de funcionamiento en fases<br \/>\ny en producci\u00f3n<\/li>\n<li>Funci\u00f3n alarmas intuitiva, para una gesti\u00f3n<br \/>\nm\u00e1s eficaz del problema<\/li>\n<li>Pantalla Multi-touch a color de 21.5\u201d,<br \/>\ntecnolog\u00eda TFT LC con resoluci\u00f3n 1920X1080<\/li>\n<li>Conexiones Power Link bus basada en la tecnolog\u00eda Ethernet a tiempo real<\/li>\n<li>Transmisi\u00f3n de datos segura, silenciosa y r\u00e1pida, con una velocidad de comunicaci\u00f3n de &lt; 2 ms<\/li>\n<li>RFID (Radio-frequency identificaci\u00f3n) para<br \/>\nacceso externo<\/li>\n<\/ul>\n\n<\/div><h2 class=\"tabtitle\">Opciones<\/h2>\n<div class=\"tabcontent\">\n\n<p>OPCIONES DISPONIBLES PARA SERIE VECTOR sT<\/p>\n<ul>\n<li>Martinetes PM\/PF<\/li>\n<li>V\u00e1lvulas aire PM\/PF<\/li>\n<li>V\u00e1lvula proporcional para extractor hidr\u00e1ulico<\/li>\n<li>Interface E17<\/li>\n<li>Interface robot E67<\/li>\n<li>Husillos especiales (Resistentes a corrosi\u00f3n, barrera mezclador, Baja compresi\u00f3n, etc)<\/li>\n<li>C\u00e1maras especiales (Resistentes a corrosi\u00f3n, de alta resistencia)<\/li>\n<li>Mantas para c\u00e1mara<\/li>\n<li>Punteras especiales<\/li>\n<li>Boquillas alargadas<\/li>\n<li>Zona adicional para boquilla<\/li>\n<li>V\u00e1lvulas secuenciales hidr\u00e1ulicas<\/li>\n<li>V\u00e1lvulas secuenciales neum\u00e1ticas<\/li>\n<li>Boquillas hidr\u00e1ulicas perno rotante<\/li>\n<li>Boquillas hidr\u00e1ulicas aguja<\/li>\n<li>Transformadores<\/li>\n<li>C\u00e1maras calientes integradas<\/li>\n<li>Interface transductor presi\u00f3n molde<\/li>\n<li>Interface inyecci\u00f3n a gas<\/li>\n<li>Interface conexi\u00f3n de datos<\/li>\n<li>Interface monitorizaci\u00f3n procesos RJG<\/li>\n<li>Pintura especial<\/li>\n<li>Caudal\u00edmetros adicionales<\/li>\n<li>Caudal de refrigeraci\u00f3n en anillo cerrado<\/li>\n<li>Incremento espesor molde en 100 mm<\/li>\n<li>Alzado de bancada (+600mm)<\/li>\n<li>Kit PVC<\/li>\n<li>Salidas de corriente<\/li>\n<li>Se\u00f1al color\u00edmetro<\/li>\n<li>Fotoc\u00e9lulas<\/li>\n<li>Acumulador en inyecci\u00f3n<\/li>\n<li>Teleservicio AMICO<\/li>\n<li>Bridas hidr\u00e1ulicas para molde<\/li>\n<li>Mesa rotativa<\/li>\n<\/ul>\n\n<\/div><h2 class=\"tabtitle\">Mercados<\/h2>\n<div class=\"tabcontent\">\n\n<p>PRINCIPALES APLICACIONES DE LA SERIE VECTOR sT<\/p>\n<ul>\n<li>Piezas medias generales<\/li>\n<li>Piezas grandes generales<\/li>\n<li>Automoci\u00f3n<\/li>\n<li>Construcci\u00f3n<\/li>\n<li>Industrial<\/li>\n<li>Accesorios<\/li>\n<li>Hogar<\/li>\n<li>Aeroespacial<\/li>\n<li>Electr\u00f3nica &amp; Telecomunicaciones.<\/li>\n<li>Moldeo t\u00e9cnico<\/li>\n<li>Alimentos &amp; Bebidas<\/li>\n<li>Contenedores<\/li>\n<\/ul>\n<\/div><\/div>\n","protected":false},"excerpt":{"rendered":"<p>&nbsp; &nbsp; CIERRE A RODILLERA CON CONTROL MOTUS Vers\u00e1til \u2022 Productiva La serie VECTOR sT es una m\u00e1quina de inyecci\u00f3n &hellip; <a href=\"https:\/\/www.negribossi.com\/es-gl\/productos\/vector-650-1300-maquinas-de-inyeccion\/\" class=\"more-link\">Sigue leyendo <span class=\"screen-reader-text\">VECTOR sT (650-1300 toneladas)<\/span> <span class=\"meta-nav\">\u2192<\/span><\/a><\/p>\n","protected":false},"author":42,"featured_media":0,"parent":3515,"menu_order":0,"comment_status":"closed","ping_status":"closed","template":"","meta":{"footnotes":""},"class_list":["post-11434","page","type-page","status-publish","hentry"],"yoast_head":"<!-- This site is optimized with the Yoast SEO plugin v20.1 - https:\/\/yoast.com\/wordpress\/plugins\/seo\/ -->\n<title>M\u00e1quinas de inyecci\u00f3n - VECTOR sT | Negri Bossi<\/title>\n<meta name=\"description\" content=\"La serie VECTOR sT es una m\u00e1quina de inyecci\u00f3n h\u00edbrida que monta un cierre a rodillera de 5 puntos, disponible en 650, 800, 1100 y 1300 Toneladas de fuerza de cierre.\" \/>\n<meta name=\"robots\" content=\"index, follow, max-snippet:-1, max-image-preview:large, max-video-preview:-1\" \/>\n<link rel=\"canonical\" href=\"https:\/\/www.negribossi.com\/es-gl\/productos\/vector-650-1300-maquinas-de-inyeccion\/\" \/>\n<meta property=\"og:locale\" content=\"es_ES\" \/>\n<meta property=\"og:type\" content=\"article\" \/>\n<meta property=\"og:title\" content=\"M\u00e1quinas de inyecci\u00f3n - VECTOR sT | Negri Bossi\" \/>\n<meta property=\"og:description\" content=\"La serie VECTOR sT es una m\u00e1quina de inyecci\u00f3n h\u00edbrida que monta un cierre a rodillera de 5 puntos, disponible en 650, 800, 1100 y 1300 Toneladas de fuerza de cierre.\" \/>\n<meta property=\"og:url\" content=\"https:\/\/www.negribossi.com\/es-gl\/productos\/vector-650-1300-maquinas-de-inyeccion\/\" \/>\n<meta property=\"og:site_name\" content=\"Negri Bossi\" \/>\n<meta property=\"article:publisher\" content=\"https:\/\/www.facebook.com\/NegriBossiGroup\/\" \/>\n<meta property=\"article:modified_time\" content=\"2023-08-01T14:29:17+00:00\" \/>\n<meta property=\"og:image\" content=\"https:\/\/www.negribossi.com\/wp-content\/uploads\/VECTOR-s650T.jpg\" \/>\n<meta name=\"twitter:card\" content=\"summary_large_image\" \/>\n<meta name=\"twitter:site\" content=\"@negribossigroup\" \/>\n<meta name=\"twitter:label1\" content=\"Est. reading time\" \/>\n\t<meta name=\"twitter:data1\" content=\"6 minutes\" \/>\n<!-- \/ Yoast SEO plugin. -->","yoast_head_json":{"title":"M\u00e1quinas de inyecci\u00f3n - VECTOR sT | Negri Bossi","description":"La serie VECTOR sT es una m\u00e1quina de inyecci\u00f3n h\u00edbrida que monta un cierre a rodillera de 5 puntos, disponible en 650, 800, 1100 y 1300 Toneladas de fuerza de cierre.","robots":{"index":"index","follow":"follow","max-snippet":"max-snippet:-1","max-image-preview":"max-image-preview:large","max-video-preview":"max-video-preview:-1"},"canonical":"https:\/\/www.negribossi.com\/es-gl\/productos\/vector-650-1300-maquinas-de-inyeccion\/","og_locale":"es_ES","og_type":"article","og_title":"M\u00e1quinas de inyecci\u00f3n - VECTOR sT | Negri Bossi","og_description":"La serie VECTOR sT es una m\u00e1quina de inyecci\u00f3n h\u00edbrida que monta un cierre a rodillera de 5 puntos, disponible en 650, 800, 1100 y 1300 Toneladas de fuerza de cierre.","og_url":"https:\/\/www.negribossi.com\/es-gl\/productos\/vector-650-1300-maquinas-de-inyeccion\/","og_site_name":"Negri Bossi","article_publisher":"https:\/\/www.facebook.com\/NegriBossiGroup\/","article_modified_time":"2023-08-01T14:29:17+00:00","og_image":[{"url":"https:\/\/www.negribossi.com\/wp-content\/uploads\/VECTOR-s650T.jpg"}],"twitter_card":"summary_large_image","twitter_site":"@negribossigroup","twitter_misc":{"Est. reading time":"6 minutes"},"schema":{"@context":"https:\/\/schema.org","@graph":[{"@type":"WebPage","@id":"https:\/\/www.negribossi.com\/es-gl\/productos\/vector-650-1300-maquinas-de-inyeccion\/","url":"https:\/\/www.negribossi.com\/es-gl\/productos\/vector-650-1300-maquinas-de-inyeccion\/","name":"M\u00e1quinas de inyecci\u00f3n - VECTOR sT | Negri Bossi","isPartOf":{"@id":"https:\/\/www.negribossi.com\/#website"},"datePublished":"2019-06-19T13:56:49+00:00","dateModified":"2023-08-01T14:29:17+00:00","description":"La serie VECTOR sT es una m\u00e1quina de inyecci\u00f3n h\u00edbrida que monta un cierre a rodillera de 5 puntos, disponible en 650, 800, 1100 y 1300 Toneladas de fuerza de cierre.","breadcrumb":{"@id":"https:\/\/www.negribossi.com\/es-gl\/productos\/vector-650-1300-maquinas-de-inyeccion\/#breadcrumb"},"inLanguage":"es-GL","potentialAction":[{"@type":"ReadAction","target":["https:\/\/www.negribossi.com\/es-gl\/productos\/vector-650-1300-maquinas-de-inyeccion\/"]}]},{"@type":"BreadcrumbList","@id":"https:\/\/www.negribossi.com\/es-gl\/productos\/vector-650-1300-maquinas-de-inyeccion\/#breadcrumb","itemListElement":[{"@type":"ListItem","position":1,"name":"Home","item":"https:\/\/www.negribossi.com\/es-gl\/"},{"@type":"ListItem","position":2,"name":"PRODUCTOS","item":"https:\/\/www.negribossi.com\/es-gl\/productos\/"},{"@type":"ListItem","position":3,"name":"VECTOR sT (650-1300 toneladas)"}]},{"@type":"WebSite","@id":"https:\/\/www.negribossi.com\/#website","url":"https:\/\/www.negribossi.com\/","name":"Negri Bossi","description":"","publisher":{"@id":"https:\/\/www.negribossi.com\/#organization"},"potentialAction":[{"@type":"SearchAction","target":{"@type":"EntryPoint","urlTemplate":"https:\/\/www.negribossi.com\/?s={search_term_string}"},"query-input":"required name=search_term_string"}],"inLanguage":"es-GL"},{"@type":"Organization","@id":"https:\/\/www.negribossi.com\/#organization","name":"Negri Bossi","url":"https:\/\/www.negribossi.com\/","logo":{"@type":"ImageObject","inLanguage":"es-GL","@id":"https:\/\/www.negribossi.com\/#\/schema\/logo\/image\/","url":"https:\/\/www.negribossi.com\/wp-content\/uploads\/logo-negribossi-new.jpg","contentUrl":"https:\/\/www.negribossi.com\/wp-content\/uploads\/logo-negribossi-new.jpg","width":502,"height":96,"caption":"Negri Bossi"},"image":{"@id":"https:\/\/www.negribossi.com\/#\/schema\/logo\/image\/"},"sameAs":["https:\/\/www.facebook.com\/NegriBossiGroup\/","https:\/\/twitter.com\/negribossigroup","https:\/\/www.linkedin.com\/company\/negri-bossi-s.p.a.","https:\/\/www.youtube.com\/c\/NegriBossiGroup"]}]}},"_links":{"self":[{"href":"https:\/\/www.negribossi.com\/es-gl\/wp-json\/wp\/v2\/pages\/11434\/"}],"collection":[{"href":"https:\/\/www.negribossi.com\/es-gl\/wp-json\/wp\/v2\/pages\/"}],"about":[{"href":"https:\/\/www.negribossi.com\/es-gl\/wp-json\/wp\/v2\/types\/page\/"}],"author":[{"embeddable":true,"href":"https:\/\/www.negribossi.com\/es-gl\/wp-json\/wp\/v2\/users\/42\/"}],"replies":[{"embeddable":true,"href":"https:\/\/www.negribossi.com\/es-gl\/wp-json\/wp\/v2\/comments\/?post=11434"}],"version-history":[{"count":0,"href":"https:\/\/www.negribossi.com\/es-gl\/wp-json\/wp\/v2\/pages\/11434\/revisions\/"}],"up":[{"embeddable":true,"href":"https:\/\/www.negribossi.com\/es-gl\/wp-json\/wp\/v2\/pages\/3515\/"}],"wp:attachment":[{"href":"https:\/\/www.negribossi.com\/es-gl\/wp-json\/wp\/v2\/media\/?parent=11434"}],"curies":[{"name":"wp","href":"https:\/\/api.w.org\/{rel}","templated":true}]}}