
{"id":9302,"date":"2015-11-08T01:29:26","date_gmt":"2015-11-08T01:29:26","guid":{"rendered":"https:\/\/negribossi.wpenginepowered.com\/en-us\/manager-nbmx\/"},"modified":"2016-02-27T19:31:04","modified_gmt":"2016-02-27T19:31:04","slug":"manager-nbmx","status":"publish","type":"page","link":"https:\/\/www.negribossi.com\/en-us\/manager-nbmx\/","title":{"rendered":"Manager &#8211; NBMX"},"content":{"rendered":"<h3><img decoding=\"async\" class=\"alignnone size-full wp-image-8954\" src=\"https:\/\/negribossi.wpenginepowered.com\/wp-content\/uploads\/NB_AreaManagerHeader_1000px2.jpg\" alt=\"NB_AreaManagerHeader_1000px2\" width=\"1000\" height=\"100\" srcset=\"https:\/\/www.negribossi.com\/wp-content\/uploads\/NB_AreaManagerHeader_1000px2.jpg 1000w, https:\/\/www.negribossi.com\/wp-content\/uploads\/NB_AreaManagerHeader_1000px2-150x15.jpg 150w, https:\/\/www.negribossi.com\/wp-content\/uploads\/NB_AreaManagerHeader_1000px2-300x30.jpg 300w\" sizes=\"(max-width: 1000px) 100vw, 1000px\" \/><\/h3>\n<h3>\u00a0<\/h3>\n<h2><span lang=\"EN-US\"><strong><span lang=\"ES\">NEGRI BOSSI de M\u00c9XICO<\/span><\/strong><\/span><\/h2>\n<p><span lang=\"IT\">Carlos Augusto Lindbergh No 83<br \/>Col. Aviaci\u00f3n Civil Del Venustiano Carranza<br \/>CP 15740. M\u00e9xico, DF \u2013 MEXICO<br \/>Tel: <span lang=\"IT\">+52 1-5551152719<\/span><br \/> Fax: <span lang=\"IT\">+52 1-5551153949<\/span><\/span><\/p>\n<p><strong>E-mail: <a href=\"mailto:aurelia.lopez@negribossi.mx\">aurelia.lopez@negribossi.mx<\/a><\/strong><\/p>\n<p><a href=\"https:\/\/www.negribossi.com\/en\/contact-us\/\"><img decoding=\"async\" class=\"alignnone  wp-image-9138\" src=\"https:\/\/negribossi.wpenginepowered.com\/wp-content\/uploads\/red-arrow.jpg\" alt=\"red-arrow\" width=\"27\" height=\"23\" \/><\/a><\/p>\n","protected":false},"excerpt":{"rendered":"<p>\u00a0 NEGRI BOSSI de M\u00c9XICO Carlos Augusto Lindbergh No 83Col. Aviaci\u00f3n Civil Del Venustiano CarranzaCP 15740. M\u00e9xico, DF \u2013 MEXICOTel: &hellip; <a href=\"https:\/\/www.negribossi.com\/en-us\/manager-nbmx\/\" class=\"more-link\">Continue reading <span class=\"screen-reader-text\">Manager &#8211; NBMX<\/span> <span class=\"meta-nav\">&rarr;<\/span><\/a><\/p>\n","protected":false},"author":42,"featured_media":0,"parent":0,"menu_order":0,"comment_status":"closed","ping_status":"closed","template":"","meta":{"footnotes":""},"class_list":["post-9302","page","type-page","status-publish","hentry"],"yoast_head":"<!-- This site is optimized with the Yoast SEO plugin v20.1 - https:\/\/yoast.com\/wordpress\/plugins\/seo\/ -->\n<title>Manager - NBMX - Negri Bossi<\/title>\n<meta name=\"robots\" content=\"index, follow, max-snippet:-1, max-image-preview:large, max-video-preview:-1\" \/>\n<link rel=\"canonical\" href=\"https:\/\/www.negribossi.com\/en-us\/manager-nbmx\/\" \/>\n<meta property=\"og:locale\" content=\"en_US\" \/>\n<meta property=\"og:type\" content=\"article\" \/>\n<meta property=\"og:title\" content=\"Manager - NBMX - Negri Bossi\" \/>\n<meta property=\"og:description\" content=\"\u00a0 NEGRI BOSSI de M\u00c9XICO Carlos Augusto Lindbergh No 83Col. Aviaci\u00f3n Civil Del Venustiano CarranzaCP 15740. M\u00e9xico, DF \u2013 MEXICOTel: &hellip; Continue reading Manager &#8211; NBMX &rarr;\" \/>\n<meta property=\"og:url\" content=\"https:\/\/www.negribossi.com\/en-us\/manager-nbmx\/\" \/>\n<meta property=\"og:site_name\" content=\"Negri Bossi\" \/>\n<meta property=\"article:publisher\" content=\"https:\/\/www.facebook.com\/NegriBossiGroup\/\" \/>\n<meta property=\"article:modified_time\" content=\"2016-02-27T19:31:04+00:00\" \/>\n<meta property=\"og:image\" content=\"https:\/\/negribossi.wpenginepowered.com\/wp-content\/uploads\/NB_AreaManagerHeader_1000px2.jpg\" \/>\n<meta name=\"twitter:card\" content=\"summary_large_image\" \/>\n<meta name=\"twitter:site\" content=\"@negribossigroup\" \/>\n<!-- \/ Yoast SEO plugin. -->","yoast_head_json":{"title":"Manager - NBMX - Negri Bossi","robots":{"index":"index","follow":"follow","max-snippet":"max-snippet:-1","max-image-preview":"max-image-preview:large","max-video-preview":"max-video-preview:-1"},"canonical":"https:\/\/www.negribossi.com\/en-us\/manager-nbmx\/","og_locale":"en_US","og_type":"article","og_title":"Manager - NBMX - Negri Bossi","og_description":"\u00a0 NEGRI BOSSI de M\u00c9XICO Carlos Augusto Lindbergh No 83Col. Aviaci\u00f3n Civil Del Venustiano CarranzaCP 15740. M\u00e9xico, DF \u2013 MEXICOTel: &hellip; Continue reading Manager &#8211; NBMX &rarr;","og_url":"https:\/\/www.negribossi.com\/en-us\/manager-nbmx\/","og_site_name":"Negri Bossi","article_publisher":"https:\/\/www.facebook.com\/NegriBossiGroup\/","article_modified_time":"2016-02-27T19:31:04+00:00","og_image":[{"url":"https:\/\/negribossi.wpenginepowered.com\/wp-content\/uploads\/NB_AreaManagerHeader_1000px2.jpg"}],"twitter_card":"summary_large_image","twitter_site":"@negribossigroup","schema":{"@context":"https:\/\/schema.org","@graph":[{"@type":"WebPage","@id":"https:\/\/www.negribossi.com\/en-us\/manager-nbmx\/","url":"https:\/\/www.negribossi.com\/en-us\/manager-nbmx\/","name":"Manager - NBMX - Negri Bossi","isPartOf":{"@id":"https:\/\/www.negribossi.com\/#website"},"datePublished":"2015-11-08T01:29:26+00:00","dateModified":"2016-02-27T19:31:04+00:00","breadcrumb":{"@id":"https:\/\/www.negribossi.com\/en-us\/manager-nbmx\/#breadcrumb"},"inLanguage":"en-US","potentialAction":[{"@type":"ReadAction","target":["https:\/\/www.negribossi.com\/en-us\/manager-nbmx\/"]}]},{"@type":"BreadcrumbList","@id":"https:\/\/www.negribossi.com\/en-us\/manager-nbmx\/#breadcrumb","itemListElement":[{"@type":"ListItem","position":1,"name":"Home","item":"https:\/\/www.negribossi.com\/en-us\/"},{"@type":"ListItem","position":2,"name":"Manager &#8211; NBMX"}]},{"@type":"WebSite","@id":"https:\/\/www.negribossi.com\/#website","url":"https:\/\/www.negribossi.com\/","name":"Negri Bossi","description":"","publisher":{"@id":"https:\/\/www.negribossi.com\/#organization"},"potentialAction":[{"@type":"SearchAction","target":{"@type":"EntryPoint","urlTemplate":"https:\/\/www.negribossi.com\/?s={search_term_string}"},"query-input":"required name=search_term_string"}],"inLanguage":"en-US"},{"@type":"Organization","@id":"https:\/\/www.negribossi.com\/#organization","name":"Negri Bossi","url":"https:\/\/www.negribossi.com\/","logo":{"@type":"ImageObject","inLanguage":"en-US","@id":"https:\/\/www.negribossi.com\/#\/schema\/logo\/image\/","url":"https:\/\/www.negribossi.com\/wp-content\/uploads\/logo-negribossi-new.jpg","contentUrl":"https:\/\/www.negribossi.com\/wp-content\/uploads\/logo-negribossi-new.jpg","width":502,"height":96,"caption":"Negri Bossi"},"image":{"@id":"https:\/\/www.negribossi.com\/#\/schema\/logo\/image\/"},"sameAs":["https:\/\/www.facebook.com\/NegriBossiGroup\/","https:\/\/twitter.com\/negribossigroup","https:\/\/www.linkedin.com\/company\/negri-bossi-s.p.a.","https:\/\/www.youtube.com\/c\/NegriBossiGroup"]}]}},"_links":{"self":[{"href":"https:\/\/www.negribossi.com\/en-us\/wp-json\/wp\/v2\/pages\/9302\/"}],"collection":[{"href":"https:\/\/www.negribossi.com\/en-us\/wp-json\/wp\/v2\/pages\/"}],"about":[{"href":"https:\/\/www.negribossi.com\/en-us\/wp-json\/wp\/v2\/types\/page\/"}],"author":[{"embeddable":true,"href":"https:\/\/www.negribossi.com\/en-us\/wp-json\/wp\/v2\/users\/42\/"}],"replies":[{"embeddable":true,"href":"https:\/\/www.negribossi.com\/en-us\/wp-json\/wp\/v2\/comments\/?post=9302"}],"version-history":[{"count":0,"href":"https:\/\/www.negribossi.com\/en-us\/wp-json\/wp\/v2\/pages\/9302\/revisions\/"}],"wp:attachment":[{"href":"https:\/\/www.negribossi.com\/en-us\/wp-json\/wp\/v2\/media\/?parent=9302"}],"curies":[{"name":"wp","href":"https:\/\/api.w.org\/{rel}","templated":true}]}}